{"id":52,"date":"2024-02-14T15:54:13","date_gmt":"2024-02-14T14:54:13","guid":{"rendered":"https:\/\/www.bfmtal.de\/?page_id=52"},"modified":"2024-04-25T11:26:22","modified_gmt":"2024-04-25T09:26:22","slug":"gr-sitzungen","status":"publish","type":"page","link":"https:\/\/www.bfmtal.de\/index.php\/gr-sitzungen\/","title":{"rendered":"GR Sitzungen"},"content":{"rendered":"\t\t<div data-elementor-type=\"wp-page\" data-elementor-id=\"52\" class=\"elementor elementor-52\">\n\t\t\t\t<div class=\"elementor-element elementor-element-bf5d4fe e-flex e-con-boxed e-con e-parent\" data-id=\"bf5d4fe\" data-element_type=\"container\" data-e-type=\"container\">\n\t\t\t\t\t<div class=\"e-con-inner\">\n\t\t<div class=\"elementor-element elementor-element-d650422 e-con-full e-flex e-con e-child\" data-id=\"d650422\" data-element_type=\"container\" data-e-type=\"container\">\n\t\t\t\t<div class=\"elementor-element elementor-element-158c802 elementor-widget elementor-widget-heading\" data-id=\"158c802\" data-element_type=\"widget\" data-e-type=\"widget\" data-widget_type=\"heading.default\">\n\t\t\t\t<div class=\"elementor-widget-container\">\n\t\t\t\t\t<h2 class=\"elementor-heading-title elementor-size-default\">2024 Termine der Gemeinderatssitzungen<\/h2>\t\t\t\t<\/div>\n\t\t\t\t<\/div>\n\t\t\t\t<\/div>\n\t\t<div class=\"elementor-element elementor-element-e57d1b1 e-con-full e-flex e-con e-child\" data-id=\"e57d1b1\" data-element_type=\"container\" data-e-type=\"container\">\n\t\t\t\t<div class=\"elementor-element elementor-element-ef2d575 elementor-align-center elementor-invisible elementor-widget elementor-widget-button\" data-id=\"ef2d575\" data-element_type=\"widget\" data-e-type=\"widget\" data-settings=\"{&quot;_animation&quot;:&quot;zoomIn&quot;}\" data-widget_type=\"button.default\">\n\t\t\t\t<div class=\"elementor-widget-container\">\n\t\t\t\t\t\t\t\t\t<div class=\"elementor-button-wrapper\">\n\t\t\t\t\t<a class=\"elementor-button elementor-button-link elementor-size-sm elementor-animation-grow\" href=\"https:\/\/ratsinformation.muenstertal.de\/bi\/si0040.asp\">\n\t\t\t\t\t\t<span class=\"elementor-button-content-wrapper\">\n\t\t\t\t\t\t\t\t\t<span class=\"elementor-button-text\">Hier Klicken<\/span>\n\t\t\t\t\t<\/span>\n\t\t\t\t\t<\/a>\n\t\t\t\t<\/div>\n\t\t\t\t\t\t\t\t<\/div>\n\t\t\t\t<\/div>\n\t\t\t\t<\/div>\n\t\t<div class=\"elementor-element elementor-element-27286c2 e-con-full e-flex e-con e-child\" data-id=\"27286c2\" data-element_type=\"container\" data-e-type=\"container\">\n\t\t\t\t<\/div>\n\t\t\t\t\t<\/div>\n\t\t\t\t<\/div>\n\t\t<div class=\"elementor-element elementor-element-cb5562e e-flex e-con-boxed e-con e-parent\" data-id=\"cb5562e\" data-element_type=\"container\" data-e-type=\"container\" data-settings=\"{&quot;shape_divider_top&quot;:&quot;mountains&quot;}\">\n\t\t\t\t\t<div class=\"e-con-inner\">\n\t\t\t\t<div class=\"elementor-shape elementor-shape-top\" aria-hidden=\"true\" data-negative=\"false\">\n\t\t\t<svg xmlns=\"http:\/\/www.w3.org\/2000\/svg\" viewBox=\"0 0 1000 100\" preserveAspectRatio=\"none\">\n\t<path class=\"elementor-shape-fill\" opacity=\"0.33\" d=\"M473,67.3c-203.9,88.3-263.1-34-320.3,0C66,119.1,0,59.7,0,59.7V0h1000v59.7 c0,0-62.1,26.1-94.9,29.3c-32.8,3.3-62.8-12.3-75.8-22.1C806,49.6,745.3,8.7,694.9,4.7S492.4,59,473,67.3z\"\/>\n\t<path class=\"elementor-shape-fill\" opacity=\"0.66\" d=\"M734,67.3c-45.5,0-77.2-23.2-129.1-39.1c-28.6-8.7-150.3-10.1-254,39.1 s-91.7-34.4-149.2,0C115.7,118.3,0,39.8,0,39.8V0h1000v36.5c0,0-28.2-18.5-92.1-18.5C810.2,18.1,775.7,67.3,734,67.3z\"\/>\n\t<path class=\"elementor-shape-fill\" d=\"M766.1,28.9c-200-57.5-266,65.5-395.1,19.5C242,1.8,242,5.4,184.8,20.6C128,35.8,132.3,44.9,89.9,52.5C28.6,63.7,0,0,0,0 h1000c0,0-9.9,40.9-83.6,48.1S829.6,47,766.1,28.9z\"\/>\n<\/svg>\t\t<\/div>\n\t\t\t\t<div class=\"elementor-element elementor-element-368f89e elementor-widget elementor-widget-heading\" data-id=\"368f89e\" data-element_type=\"widget\" data-e-type=\"widget\" data-widget_type=\"heading.default\">\n\t\t\t\t<div class=\"elementor-widget-container\">\n\t\t\t\t\t<h2 class=\"elementor-heading-title elementor-size-default\">Gemeinderatssitzung  am Montag den 22. April im Rathaus, ab 19.00 Uhr \u00d6ffentlicher Teil.<\/h2>\t\t\t\t<\/div>\n\t\t\t\t<\/div>\n\t\t\t\t<div class=\"elementor-element elementor-element-53c7535 elementor-button-info elementor-align-center elementor-widget elementor-widget-button\" data-id=\"53c7535\" data-element_type=\"widget\" data-e-type=\"widget\" data-widget_type=\"button.default\">\n\t\t\t\t<div class=\"elementor-widget-container\">\n\t\t\t\t\t\t\t\t\t<div class=\"elementor-button-wrapper\">\n\t\t\t\t\t<a class=\"elementor-button elementor-button-link elementor-size-sm elementor-animation-grow\" href=\"https:\/\/ratsinformation.muenstertal.de\/bi\/si0057.asp?__ksinr=363\">\n\t\t\t\t\t\t<span class=\"elementor-button-content-wrapper\">\n\t\t\t\t\t\t\t\t\t<span class=\"elementor-button-text\">TOP - Sitzung<\/span>\n\t\t\t\t\t<\/span>\n\t\t\t\t\t<\/a>\n\t\t\t\t<\/div>\n\t\t\t\t\t\t\t\t<\/div>\n\t\t\t\t<\/div>\n\t\t\t\t<div class=\"elementor-element elementor-element-e7ee007 elementor-invisible elementor-widget elementor-widget-button\" data-id=\"e7ee007\" data-element_type=\"widget\" data-e-type=\"widget\" data-settings=\"{&quot;_animation&quot;:&quot;zoomInUp&quot;}\" data-widget_type=\"button.default\">\n\t\t\t\t<div class=\"elementor-widget-container\">\n\t\t\t\t\t\t\t\t\t<div class=\"elementor-button-wrapper\">\n\t\t\t\t\t<a class=\"elementor-button elementor-button-link elementor-size-sm\" href=\"#\">\n\t\t\t\t\t\t<span class=\"elementor-button-content-wrapper\">\n\t\t\t\t\t\t\t\t\t<span class=\"elementor-button-text\">22. April, Bericht zu o.g. Sitzung<\/span>\n\t\t\t\t\t<\/span>\n\t\t\t\t\t<\/a>\n\t\t\t\t<\/div>\n\t\t\t\t\t\t\t\t<\/div>\n\t\t\t\t<\/div>\n\t\t\t\t\t<\/div>\n\t\t\t\t<\/div>\n\t\t<div class=\"elementor-element elementor-element-7fcb66b e-flex e-con-boxed e-con e-parent\" data-id=\"7fcb66b\" data-element_type=\"container\" data-e-type=\"container\">\n\t\t\t\t\t<div class=\"e-con-inner\">\n\t\t\t\t<div class=\"elementor-element elementor-element-3d00e57 elementor-widget elementor-widget-text-editor\" data-id=\"3d00e57\" data-element_type=\"widget\" data-e-type=\"widget\" data-widget_type=\"text-editor.default\">\n\t\t\t\t<div class=\"elementor-widget-container\">\n\t\t\t\t\t\t\t\t\t<p>\u00a0<\/p><p><span style=\"color: #000000;\">Herr B\u00fcrgermeister Weichert er\u00f6ffnete die Sitzung.<\/span><\/p><p><span style=\"color: #000000;\">Fragen, Anregungen der Einwohner. Hier wies Herr Stein von Neuhof auf das schon leidige Problem hin, seit schon 2 Wochen wieder einmal ohne Telefon-Verbindung im Neuhof und auch in der M\u00fcnsterhalde zu sein. In der M\u00fcnsterhalde, wurde das techn. Problem am 19.04 behoben (Mir bekannt). Auch der BM wurde schon informiert und hat sich mit Telekom in Verbindung gesetzt, es soll in den n\u00e4chsten Tagen behoben werden.<\/span><\/p><p><span style=\"color: #000000;\">Keine Punkte gab es zu Info aus N\u00d6-Sitzungen.<\/span><\/p><p><span style=\"color: #000000;\">Vorgezogen wurde TOP 6. Jetzt startet der 6. Bauabschnitt (seit 1.A. in 2017). Hier kam es zur einstimmigen Vergabe, der 260m zu sanierender Strecke \u2013 Krumlinde, M\u00fcnster, zu einem Preis von 98 Tsd. \u20ac. Weiter wurde die Vergabe an die Fa. Brengartner zur offenen Sanierung der Abwasserkan\u00e4le als bester Bieter einstimmig erteilt.<\/span><\/p><p><span style=\"color: #000000;\">Zur besseren Mobilfunkstruktur wurden neue Standorte benannt.<\/span><\/p><p><span style=\"color: #000000;\">In Kenntnis wurde die Vergabe, Friedhofsentwicklungskonzept, an die Fa. Gutmann-Buchmann aus dem M\u00fcnstertal genommen.<\/span><\/p><p><span style=\"color: #000000;\">Einstimmig wurde dem Wassermeister die Bestellung f\u00fcr ein neues Auto, auch wieder von der heimischen Fa. bhg+Pfefferle M\u00fcnstertal, erteilt.<\/span><\/p><p><span style=\"color: #000000;\">Dem Antrag, die Fraktionsregel in der GO von 3 GR auf 2 GR zu \u00e4ndern wurde zugestimmt, mit 3 Nein und einer Enthaltung, jeweils von SPD. Bei Fragen und<\/span><\/p><p><span style=\"color: #000000;\">Anregungen vom GR.: ein Jagdp\u00e4chter ist unzufrieden mit dem hohen Waldeinschlag in seinem Revier. Weiter, es sind keine gelben S\u00e4cke im Neuhof zur Verf\u00fcgung, die Gemeinde setzt sich hierzu mit der Fa. Remondis in Verbindung. Positiv wurde die 72 Stunden Aktion der Kirche, Ministranten, bei der Instandsetzung der Waldparkplatz S\u00fcssenbrunn von Seiten der Verwaltung gesehen. Der Jagp\u00e4chter, sieht diese Aktion ganz im Gegenteil dazu, aufgrund der fehlenden Kommunikation. Zuletzt wurde noch angesprochen, dass die Ausgabestellen f\u00fcr das Bl\u00e4ttle immer sind. Nat\u00fcrlich schwierig zu l\u00f6sen, oder gar nicht, einzig bleibt dann nur ein Abbo zu 26 \u20ac \/ Monat.<\/span><\/p><p><span style=\"color: #000000;\">H.W.<\/span><\/p>\t\t\t\t\t\t\t\t<\/div>\n\t\t\t\t<\/div>\n\t\t\t\t\t<\/div>\n\t\t\t\t<\/div>\n\t\t<div class=\"elementor-element elementor-element-4c1df5e e-flex e-con-boxed e-con e-parent\" data-id=\"4c1df5e\" data-element_type=\"container\" data-e-type=\"container\" data-settings=\"{&quot;shape_divider_top&quot;:&quot;mountains&quot;}\">\n\t\t\t\t\t<div class=\"e-con-inner\">\n\t\t\t\t<div class=\"elementor-shape elementor-shape-top\" aria-hidden=\"true\" data-negative=\"false\">\n\t\t\t<svg xmlns=\"http:\/\/www.w3.org\/2000\/svg\" viewBox=\"0 0 1000 100\" preserveAspectRatio=\"none\">\n\t<path class=\"elementor-shape-fill\" opacity=\"0.33\" d=\"M473,67.3c-203.9,88.3-263.1-34-320.3,0C66,119.1,0,59.7,0,59.7V0h1000v59.7 c0,0-62.1,26.1-94.9,29.3c-32.8,3.3-62.8-12.3-75.8-22.1C806,49.6,745.3,8.7,694.9,4.7S492.4,59,473,67.3z\"\/>\n\t<path class=\"elementor-shape-fill\" opacity=\"0.66\" d=\"M734,67.3c-45.5,0-77.2-23.2-129.1-39.1c-28.6-8.7-150.3-10.1-254,39.1 s-91.7-34.4-149.2,0C115.7,118.3,0,39.8,0,39.8V0h1000v36.5c0,0-28.2-18.5-92.1-18.5C810.2,18.1,775.7,67.3,734,67.3z\"\/>\n\t<path class=\"elementor-shape-fill\" d=\"M766.1,28.9c-200-57.5-266,65.5-395.1,19.5C242,1.8,242,5.4,184.8,20.6C128,35.8,132.3,44.9,89.9,52.5C28.6,63.7,0,0,0,0 h1000c0,0-9.9,40.9-83.6,48.1S829.6,47,766.1,28.9z\"\/>\n<\/svg>\t\t<\/div>\n\t\t\t\t<div class=\"elementor-element elementor-element-d7b7be7 elementor-widget elementor-widget-heading\" data-id=\"d7b7be7\" data-element_type=\"widget\" data-e-type=\"widget\" data-widget_type=\"heading.default\">\n\t\t\t\t<div class=\"elementor-widget-container\">\n\t\t\t\t\t<h2 class=\"elementor-heading-title elementor-size-default\">Gemeinderatssitzung  am Montag den 18. M\u00e4rz im Rathaus, ab 19.00 Uhr \u00d6ffentlicher Teil.<\/h2>\t\t\t\t<\/div>\n\t\t\t\t<\/div>\n\t\t\t\t<div class=\"elementor-element elementor-element-21e90b7 elementor-button-info elementor-align-center elementor-widget elementor-widget-button\" data-id=\"21e90b7\" data-element_type=\"widget\" data-e-type=\"widget\" data-widget_type=\"button.default\">\n\t\t\t\t<div class=\"elementor-widget-container\">\n\t\t\t\t\t\t\t\t\t<div class=\"elementor-button-wrapper\">\n\t\t\t\t\t<a class=\"elementor-button elementor-button-link elementor-size-sm elementor-animation-grow\" href=\"https:\/\/ratsinformation.muenstertal.de\/bi\/si0057.asp?__ksinr=363\">\n\t\t\t\t\t\t<span class=\"elementor-button-content-wrapper\">\n\t\t\t\t\t\t\t\t\t<span class=\"elementor-button-text\">TOP - Sitzung<\/span>\n\t\t\t\t\t<\/span>\n\t\t\t\t\t<\/a>\n\t\t\t\t<\/div>\n\t\t\t\t\t\t\t\t<\/div>\n\t\t\t\t<\/div>\n\t\t\t\t<div class=\"elementor-element elementor-element-09e50bf elementor-invisible elementor-widget elementor-widget-button\" data-id=\"09e50bf\" data-element_type=\"widget\" data-e-type=\"widget\" data-settings=\"{&quot;_animation&quot;:&quot;zoomInUp&quot;}\" data-widget_type=\"button.default\">\n\t\t\t\t<div class=\"elementor-widget-container\">\n\t\t\t\t\t\t\t\t\t<div class=\"elementor-button-wrapper\">\n\t\t\t\t\t<a class=\"elementor-button elementor-button-link elementor-size-sm\" href=\"#\">\n\t\t\t\t\t\t<span class=\"elementor-button-content-wrapper\">\n\t\t\t\t\t\t\t\t\t<span class=\"elementor-button-text\">19. M\u00e4rz, Bericht zu o.g. Sitzung<\/span>\n\t\t\t\t\t<\/span>\n\t\t\t\t\t<\/a>\n\t\t\t\t<\/div>\n\t\t\t\t\t\t\t\t<\/div>\n\t\t\t\t<\/div>\n\t\t\t\t\t<\/div>\n\t\t\t\t<\/div>\n\t\t<div class=\"elementor-element elementor-element-5862883 e-flex e-con-boxed e-con e-parent\" data-id=\"5862883\" data-element_type=\"container\" data-e-type=\"container\">\n\t\t\t\t\t<div class=\"e-con-inner\">\n\t\t\t\t<div class=\"elementor-element elementor-element-17f54ef elementor-widget elementor-widget-text-editor\" data-id=\"17f54ef\" data-element_type=\"widget\" data-e-type=\"widget\" data-widget_type=\"text-editor.default\">\n\t\t\t\t<div class=\"elementor-widget-container\">\n\t\t\t\t\t\t\t\t\t<p><span style=\"color: #000000;\">Herr B\u00fcrgermeister Weichert er\u00f6ffnete die Sitzung.\u00a0<\/span><\/p><p><span style=\"color: #000000; font-size: 14px; text-align: var(--text-align);\">Aus den Nicht\u00f6ffentlichen Sitzungen konnte nichts bekanntgegeben werden.\u00a0<\/span><\/p><p><span style=\"color: #000000;\">Der Haushaltsplan:\u00a0 Zun\u00e4chst versprachen Herr Weichert und Herr Wecker, den Haushalt k\u00fcnftig, so wie es sein sollte, immer im Oktober, f\u00fcr das folgende Jahr vorzulegen.\u00a0 Der Haushaltsplan ist mit \u00fcber 200 Positionen sehr umfangreich, mit Tendenz zu L\u00fccken die zu erwarten sind. Steigende Unterhaltsaufwendungen, Stra\u00dfen\/Br\u00fccken 1,3 Mio. oder Kindergarten\/ Kinderbetreung, 2,2 Mio. schlagen zu buche. Gesamt wird ein Defizit von 1,3 Mio. erwartet, das aber mit 6,9 Mio, mit Liquiden Mitteln abgesichert ist.\u00a0<\/span><\/p><p><span style=\"color: #000000;\">Mit Statements der Fraktionsvorsitzenden ging es weiter. Herr Hofmann bem\u00e4ngelte, dass keine Mittel f\u00fcr, L123 Weiterbau, f\u00fcr Grundst\u00fccksk\u00e4ufe eingestellt sind. Weiter gab er R\u00fc. was seine Faktionen alles\u00a0<\/span><span style=\"color: #000000; font-family: Roboto, sans-serif; font-size: 14px; font-style: normal; font-variant-ligatures: normal; font-variant-caps: normal; font-weight: 400; text-align: var(--text-align);\">den letzten Jahren\u00a0<\/span><span style=\"font-size: 14px; text-align: var(--text-align); color: #000000;\">angestrengt hatte. Klaus Wiesler, bem\u00e4ngelte, dass das gr\u00f6\u00dfte Problem der stetig wachsende B\u00fcrokratieauffand ist. Gerade hier wird die Gemeinde vor immense Aufgaben stellt. Der Hohn hierbei ist nat\u00fcrlich, dass unsere Politiker den B\u00fcrokratieabbau alle forcieren wollen, es aber dabei immer schlimmer wird.\u00a0<\/span><span style=\"font-family: Roboto, sans-serif; font-size: 14px; font-style: normal; font-variant-ligatures: normal; font-variant-caps: normal; font-weight: 400; text-align: var(--text-align); color: #000000;\">Kw Gutmann bemerkte, dass nicht alles von seinen Vorrednern zum Haushalt geh\u00f6rt. BfM, wir sind noch keine Fraktion.<\/span><\/p><p><span style=\"color: #000000; font-size: 14px; text-align: var(--text-align);\">Der Haushaltsplan f\u00fcr 2024 wurde einstimmig angenommen.<\/span><\/p><p><span style=\"color: #000000;\">Eine durchaus interessantes F\u00f6rderprogramm &#8220; Neue Pflege und Alterswohngemeinschaften&#8220;\u00a0 wurde vom LA vorgestellt. Das Motto, &#8222;Miteinander Verantwortung \u00fcbernehmen&#8220;. Da die Schere der zu pflegenden Personen, zu dem hier notwendigem Pflegepersonal, im Zuge der Zeit immer mehr auseinander gehen wird, will man im LA mit diesem Thema auch ganz neue Wege gehen. Wie Studenten WG fr\u00fcher, jetzt die Alters WG, sich gegenseitig helfen und absichern. Die Gemeinde schlie\u00dft sich wie 6 andere Gemeinden diesem Zukunftsprojekt an.\u00a0<\/span><\/p><p><span style=\"color: #000000;\">Neue Fenster f\u00fcr das\u00a0 Feuerwehrhaus werden kommen, es wird aber auch die gesamte Energieeffizient vom Geb\u00e4ude zuerst in Ber\u00fccksichtigung gezogen.<\/span><\/p><p>\u00a0<\/p>\t\t\t\t\t\t\t\t<\/div>\n\t\t\t\t<\/div>\n\t\t\t\t\t<\/div>\n\t\t\t\t<\/div>\n\t\t\t\t<section class=\"elementor-section elementor-top-section elementor-element elementor-element-5962c28 elementor-section-content-top elementor-section-boxed elementor-section-height-default elementor-section-height-default\" data-id=\"5962c28\" data-element_type=\"section\" data-e-type=\"section\" data-settings=\"{&quot;background_background&quot;:&quot;gradient&quot;}\">\n\t\t\t\t\t\t\t<div class=\"elementor-background-overlay\"><\/div>\n\t\t\t\t\t\t\t<div class=\"elementor-container elementor-column-gap-default\">\n\t\t\t\t\t<div class=\"elementor-column elementor-col-100 elementor-top-column elementor-element elementor-element-477cbe5\" data-id=\"477cbe5\" data-element_type=\"column\" data-e-type=\"column\">\n\t\t\t<div class=\"elementor-widget-wrap elementor-element-populated\">\n\t\t\t\t\t\t<section class=\"elementor-section elementor-inner-section elementor-element elementor-element-609036f elementor-section-content-top elementor-section-boxed elementor-section-height-default elementor-section-height-default\" data-id=\"609036f\" data-element_type=\"section\" data-e-type=\"section\">\n\t\t\t\t\t\t<div class=\"elementor-container elementor-column-gap-default\">\n\t\t\t\t\t<div class=\"elementor-column elementor-col-50 elementor-inner-column elementor-element elementor-element-43d99ac\" data-id=\"43d99ac\" data-element_type=\"column\" data-e-type=\"column\">\n\t\t\t<div class=\"elementor-widget-wrap elementor-element-populated\">\n\t\t\t\t\t\t<div class=\"elementor-element elementor-element-387d6a3 elementor-invisible elementor-widget elementor-widget-text-editor\" data-id=\"387d6a3\" data-element_type=\"widget\" data-e-type=\"widget\" data-settings=\"{&quot;_animation_delay&quot;:600,&quot;_animation&quot;:&quot;fadeInUp&quot;}\" data-widget_type=\"text-editor.default\">\n\t\t\t\t<div class=\"elementor-widget-container\">\n\t\t\t\t\t\t\t\t\t<h1><a href=\"https:\/\/www.bfmtal.de\/index.php\/cookie-richtlinie-eu\/\"><span style=\"color: #ccffff;\">Datenschutz und Cookies<\/span><\/a><\/h1>\t\t\t\t\t\t\t\t<\/div>\n\t\t\t\t<\/div>\n\t\t\t\t\t<\/div>\n\t\t<\/div>\n\t\t\t\t<div class=\"elementor-column elementor-col-50 elementor-inner-column elementor-element elementor-element-1f89bec\" data-id=\"1f89bec\" data-element_type=\"column\" data-e-type=\"column\">\n\t\t\t<div class=\"elementor-widget-wrap elementor-element-populated\">\n\t\t\t\t\t\t<div class=\"elementor-element elementor-element-1277546 elementor-invisible elementor-widget elementor-widget-text-editor\" data-id=\"1277546\" data-element_type=\"widget\" data-e-type=\"widget\" data-settings=\"{&quot;_animation_delay&quot;:600,&quot;_animation&quot;:&quot;fadeInUp&quot;}\" data-widget_type=\"text-editor.default\">\n\t\t\t\t<div class=\"elementor-widget-container\">\n\t\t\t\t\t\t\t\t\t<h1><a href=\"https:\/\/www.bfmtal.de\/index.php\/impressum\"><span style=\"color: #ccffff;\">Impressum<\/span><\/a><\/h1>\t\t\t\t\t\t\t\t<\/div>\n\t\t\t\t<\/div>\n\t\t\t\t\t<\/div>\n\t\t<\/div>\n\t\t\t\t\t<\/div>\n\t\t<\/section>\n\t\t\t\t\t<\/div>\n\t\t<\/div>\n\t\t\t\t\t<\/div>\n\t\t<\/section>\n\t\t<div class=\"elementor-element elementor-element-ca5b5f0 e-flex e-con-boxed e-con e-parent\" data-id=\"ca5b5f0\" data-element_type=\"container\" data-e-type=\"container\">\n\t\t\t\t\t<div class=\"e-con-inner\">\n\t\t<div class=\"elementor-element elementor-element-29f4d27 e-con-full e-flex e-con e-child\" data-id=\"29f4d27\" data-element_type=\"container\" data-e-type=\"container\">\n\t\t\t\t<\/div>\n\t\t<div class=\"elementor-element elementor-element-581b6b7 e-con-full e-flex e-con e-child\" data-id=\"581b6b7\" data-element_type=\"container\" data-e-type=\"container\">\n\t\t\t\t<\/div>\n\t\t\t\t\t<\/div>\n\t\t\t\t<\/div>\n\t\t\t\t<\/div>\n\t\t","protected":false},"excerpt":{"rendered":"<p>2024 Termine der Gemeinderatssitzungen Hier Klicken Gemeinderatssitzung am Montag den 22. April im Rathaus, ab 19.00 Uhr \u00d6ffentlicher Teil. TOP &#8211; Sitzung 22. April, Bericht zu o.g. Sitzung \u00a0 Herr B\u00fcrgermeister Weichert er\u00f6ffnete die Sitzung. Fragen, Anregungen der Einwohner. Hier wies Herr Stein von Neuhof auf das schon leidige Problem hin, seit schon 2 Wochen [&hellip;]<\/p>\n","protected":false},"author":2,"featured_media":0,"parent":0,"menu_order":0,"comment_status":"closed","ping_status":"closed","template":"","meta":{"ocean_post_layout":"full-screen","ocean_both_sidebars_style":"","ocean_both_sidebars_content_width":0,"ocean_both_sidebars_sidebars_width":0,"ocean_sidebar":"","ocean_second_sidebar":"","ocean_disable_margins":"enable","ocean_add_body_class":"","ocean_shortcode_before_top_bar":"","ocean_shortcode_after_top_bar":"","ocean_shortcode_before_header":"","ocean_shortcode_after_header":"","ocean_has_shortcode":"","ocean_shortcode_after_title":"","ocean_shortcode_before_footer_widgets":"","ocean_shortcode_after_footer_widgets":"","ocean_shortcode_before_footer_bottom":"","ocean_shortcode_after_footer_bottom":"","ocean_display_top_bar":"off","ocean_display_header":"default","ocean_header_style":"","ocean_center_header_left_menu":"","ocean_custom_header_template":"","ocean_custom_logo":0,"ocean_custom_retina_logo":0,"ocean_custom_logo_max_width":0,"ocean_custom_logo_tablet_max_width":0,"ocean_custom_logo_mobile_max_width":0,"ocean_custom_logo_max_height":0,"ocean_custom_logo_tablet_max_height":0,"ocean_custom_logo_mobile_max_height":0,"ocean_header_custom_menu":"","ocean_menu_typo_font_family":"","ocean_menu_typo_font_subset":"","ocean_menu_typo_font_size":0,"ocean_menu_typo_font_size_tablet":0,"ocean_menu_typo_font_size_mobile":0,"ocean_menu_typo_font_size_unit":"px","ocean_menu_typo_font_weight":"","ocean_menu_typo_font_weight_tablet":"","ocean_menu_typo_font_weight_mobile":"","ocean_menu_typo_transform":"","ocean_menu_typo_transform_tablet":"","ocean_menu_typo_transform_mobile":"","ocean_menu_typo_line_height":0,"ocean_menu_typo_line_height_tablet":0,"ocean_menu_typo_line_height_mobile":0,"ocean_menu_typo_line_height_unit":"","ocean_menu_typo_spacing":0,"ocean_menu_typo_spacing_tablet":0,"ocean_menu_typo_spacing_mobile":0,"ocean_menu_typo_spacing_unit":"","ocean_menu_link_color":"","ocean_menu_link_color_hover":"","ocean_menu_link_color_active":"","ocean_menu_link_background":"","ocean_menu_link_hover_background":"","ocean_menu_link_active_background":"","ocean_menu_social_links_bg":"","ocean_menu_social_hover_links_bg":"","ocean_menu_social_links_color":"","ocean_menu_social_hover_links_color":"","ocean_disable_title":"on","ocean_disable_heading":"default","ocean_post_title":"","ocean_post_subheading":"","ocean_post_title_style":"","ocean_post_title_background_color":"","ocean_post_title_background":0,"ocean_post_title_bg_image_position":"","ocean_post_title_bg_image_attachment":"","ocean_post_title_bg_image_repeat":"","ocean_post_title_bg_image_size":"","ocean_post_title_height":0,"ocean_post_title_bg_overlay":0.5,"ocean_post_title_bg_overlay_color":"","ocean_disable_breadcrumbs":"default","ocean_breadcrumbs_color":"","ocean_breadcrumbs_separator_color":"","ocean_breadcrumbs_links_color":"","ocean_breadcrumbs_links_hover_color":"","ocean_display_footer_widgets":"off","ocean_display_footer_bottom":"off","ocean_custom_footer_template":"","footnotes":""},"class_list":["post-52","page","type-page","status-publish","hentry","entry"],"_links":{"self":[{"href":"https:\/\/www.bfmtal.de\/index.php\/wp-json\/wp\/v2\/pages\/52","targetHints":{"allow":["GET"]}}],"collection":[{"href":"https:\/\/www.bfmtal.de\/index.php\/wp-json\/wp\/v2\/pages"}],"about":[{"href":"https:\/\/www.bfmtal.de\/index.php\/wp-json\/wp\/v2\/types\/page"}],"author":[{"embeddable":true,"href":"https:\/\/www.bfmtal.de\/index.php\/wp-json\/wp\/v2\/users\/2"}],"replies":[{"embeddable":true,"href":"https:\/\/www.bfmtal.de\/index.php\/wp-json\/wp\/v2\/comments?post=52"}],"version-history":[{"count":34,"href":"https:\/\/www.bfmtal.de\/index.php\/wp-json\/wp\/v2\/pages\/52\/revisions"}],"predecessor-version":[{"id":2332,"href":"https:\/\/www.bfmtal.de\/index.php\/wp-json\/wp\/v2\/pages\/52\/revisions\/2332"}],"wp:attachment":[{"href":"https:\/\/www.bfmtal.de\/index.php\/wp-json\/wp\/v2\/media?parent=52"}],"curies":[{"name":"wp","href":"https:\/\/api.w.org\/{rel}","templated":true}]}}