{"id":40,"date":"2024-02-14T15:51:05","date_gmt":"2024-02-14T14:51:05","guid":{"rendered":"https:\/\/www.bfmtal.de\/?page_id=40"},"modified":"2024-04-03T11:00:10","modified_gmt":"2024-04-03T09:00:10","slug":"gruendung","status":"publish","type":"page","link":"https:\/\/www.bfmtal.de\/index.php\/gruendung\/","title":{"rendered":"Gr\u00fcndung"},"content":{"rendered":"\t\t<div data-elementor-type=\"wp-page\" data-elementor-id=\"40\" class=\"elementor elementor-40\">\n\t\t\t\t<div class=\"elementor-element elementor-element-4579ad17 e-flex e-con-boxed e-con e-parent\" data-id=\"4579ad17\" data-element_type=\"container\" data-e-type=\"container\">\n\t\t\t\t\t<div class=\"e-con-inner\">\n\t\t\t\t<div class=\"elementor-element elementor-element-cefd6bc elementor-widget elementor-widget-heading\" data-id=\"cefd6bc\" data-element_type=\"widget\" data-e-type=\"widget\" data-widget_type=\"heading.default\">\n\t\t\t\t<div class=\"elementor-widget-container\">\n\t\t\t\t\t<h2 class=\"elementor-heading-title elementor-size-default\">Die Vereinsgr\u00fcndung<\/h2>\t\t\t\t<\/div>\n\t\t\t\t<\/div>\n\t\t\t\t\t<\/div>\n\t\t\t\t<\/div>\n\t\t<div class=\"elementor-element elementor-element-d0a62a1 e-con-full e-flex e-con e-parent\" data-id=\"d0a62a1\" data-element_type=\"container\" data-e-type=\"container\">\n\t\t\t\t<div class=\"elementor-element elementor-element-88eebc8 elementor-widget__width-initial elementor-widget-mobile__width-initial elementor-widget elementor-widget-text-editor\" data-id=\"88eebc8\" data-element_type=\"widget\" data-e-type=\"widget\" data-widget_type=\"text-editor.default\">\n\t\t\t\t<div class=\"elementor-widget-container\">\n\t\t\t\t\t\t\t\t\t<p style=\"text-align: left;\"><span style=\"color: #000080;\">Am 31. Januar 2024 fanden sich um 20.00 Uhr 16 politisch interessierte M\u00fcnstert\u00e4ler B\u00fcrger auf der K\u00e4lbelescheuer ein, um \u00fcber die Gr\u00fcndung des Vereins:<span style=\"font-size: 15px;\">&nbsp;<\/span><\/span><\/p>\n<p style=\"text-align: left;\"><span style=\"color: #000080;\">&nbsp; &nbsp; &nbsp; &nbsp; &nbsp; &nbsp; &nbsp; &nbsp; &nbsp; &nbsp;B\u00fcrger f\u00fcr M\u00fcnstertal (BfM),&nbsp; W\u00e4hlervereinigung M\u00fcnstertal&nbsp; &nbsp; &nbsp; &nbsp; &nbsp; &nbsp; &nbsp; &nbsp; &nbsp; &nbsp; &nbsp; &nbsp; &nbsp;<\/span><\/p>\n<p style=\"text-align: left;\"><span style=\"color: #000080;\">zu beschlie\u00dfen.&nbsp;&nbsp;<\/span><\/p>\n<p style=\"text-align: left;\"><span style=\"color: #000080;\">Herr Heribert Wiesler er\u00f6ffnete die Versammlung. Er begr\u00fc\u00dfte die Erschienenen und erl\u00e4uterte den Zweck der Sitzung. Herr Wiesler erkl\u00e4rte sich bereit, die Versammlungsleitung zu \u00fcbernehmen und bat Frau Eva Fischer das Protokoll zu f\u00fchren. Beide wurden von der Versammlung einstimmig durch Zuruf gew\u00e4hlt.&nbsp;<\/span><\/p>\n<p style=\"text-align: left;\"><span style=\"color: #000080;\">Der Versammlungsleiter, Herr Wiesler schlug folgende Tagesordnung vor: \u2013 Erl\u00e4uterung der Satzung und Abstimmung dar\u00fcber. \u2013 Wahl einer Wahlleitung. \u2013&nbsp; Wahl der Vorstandsfunktionen und der Kassenpr\u00fcfer. \u2013 Abstimmung \u00fcber die Beitragsordnung. Beschl\u00fcsse \u00fcber Organisations- Fragen und Verschiedenes.<\/span><\/p>\n<p><span style=\"color: #000080;\">Die Tagesordnung wurde einstimmig angenommen.&nbsp; &nbsp; &nbsp; &nbsp; &nbsp; &nbsp; &nbsp; &nbsp; &nbsp; &nbsp; &nbsp; &nbsp; &nbsp; &nbsp; &nbsp; &nbsp; &nbsp; &nbsp; &nbsp; &nbsp; &nbsp; &nbsp; &nbsp; &nbsp; &nbsp; &nbsp; &nbsp; &nbsp; &nbsp; &nbsp; &nbsp; &nbsp;&nbsp;<\/span><\/p>\n<p><span style=\"color: #000080;\">Durch den Versammlungsleiter wurde die Satzung, die den Anwesenden im Entwurf bereits bekannt war, erl\u00e4utert. \u00c4nderungs- und Erg\u00e4nzungsvorschl\u00e4ge der Versammlungsteilnehmer wurden eingearbeitet. Die Endfassung der Satzung, die wesentlicher Bestandteil des Protokolls ist, wurde einstimmig beschlossen. Als Wahlleiter wurde Herr Heribert Wiesler und als seine beiden Beisitzer Frau Eva Fischer und Herr Klaus Fischer einstimmig best\u00e4tigt. Herr Wiesler bat um Vorschl\u00e4ge f\u00fcr die einzelnen Vorstandsfunktionen. Herr Wiesler \u00fcbernahm die Wahlleitung.&nbsp; &nbsp; &nbsp; &nbsp; &nbsp; &nbsp; &nbsp; &nbsp; &nbsp; &nbsp; &nbsp; &nbsp; &nbsp; &nbsp;&nbsp;<\/span><\/p>\n<p><span style=\"color: #000080;\">In den Vorstand wurden einstimmig gew\u00e4hlt:&nbsp; &nbsp; &nbsp; &nbsp; &nbsp; &nbsp; &nbsp; &nbsp; &nbsp; &nbsp; &nbsp; &nbsp; &nbsp; &nbsp; &nbsp; &nbsp; &nbsp; &nbsp; &nbsp; &nbsp; &nbsp; &nbsp; &nbsp; &nbsp; &nbsp; &nbsp; &nbsp; &nbsp; &nbsp; &nbsp; &nbsp;&nbsp;<\/span><\/p>\n<p><span style=\"color: #000080;\">Vorsitzender: Herr Heribert Wiesler. Stellvertretender Vorsitzender: Herr Klaus Fischer Schriftf\u00fchrerin: Frau Eva Fischer, Kassenwartin: Frau Marina Bl\u00e4si,&nbsp; Beisitzer: Herr Frank Pfefferle und Frau Manuela Pfefferle. Wahl der Kassenpr\u00fcfer:&nbsp; Frau Barbara Riesterer und Herr Thomas Gutmann.&nbsp; &nbsp; &nbsp; &nbsp; &nbsp; &nbsp; &nbsp; &nbsp; &nbsp; &nbsp; &nbsp; &nbsp; &nbsp; &nbsp; &nbsp; &nbsp; &nbsp; &nbsp;<\/span><\/p>\n<p><span style=\"color: #000080;\">&nbsp; &nbsp; &nbsp; &nbsp; &nbsp; &nbsp; &nbsp; &nbsp; &nbsp; &nbsp; &nbsp; &nbsp; &nbsp; &nbsp; &nbsp; Alle Gew\u00e4hlten nahmen die Wahl an.<\/span><\/p>\n<p><span style=\"color: #000080;\"><strong><u>Es wurde festgestellt, dass der Verein, \u2013 B\u00fcrger f\u00fcr M\u00fcnstertal \u2013 gegr\u00fcndet wurde.&nbsp;<\/u><\/strong><\/span><\/p>\n<p><span style=\"color: #000080;\">Beitrags- und Geb\u00fchrenordnung: Es wurde eine j\u00e4hrlichen Beitrag von 20,00 \u20ac f\u00fcr Einzelpersonen und 30,00 \u20ac f\u00fcr Ehegatten \/Familien beschlossen. Beschl\u00fcsse \u00fcber Organisations- Fragen. Der Vorstand wurde beauftragt, den Verein zur Eintragung in das Vereinsregister anzumelden und ein Vereinskonto zu er\u00f6ffnen. Auf Vorschlag des Vorsitzenden wurde folgender Beschluss einstimmig gefasst:&nbsp;<\/span><\/p>\n<p><span style=\"color: #000080;\">Der Vorsitzende wird erm\u00e4chtigt, \u00c4nderungen und Erg\u00e4nzungen der Satzung vorzunehmen, von denen das Amtsgericht die Eintragung in das Vereinsregister, soweit diese Ab\u00e4nderungen sich nicht auf die Bestimmungen \u00fcber den Zweck des Vereins, \u00fcber bei Wahlen und Beschl\u00fcssen notwendige Mehrheiten und \u00fcber den Anfall des Vereinsverm\u00f6gens bei der Aufl\u00f6sung beziehen<\/span><\/p>\t\t\t\t\t\t\t\t<\/div>\n\t\t\t\t<\/div>\n\t\t\t\t<\/div>\n\t\t<div class=\"elementor-element elementor-element-4be57a98 e-flex e-con-boxed e-con e-parent\" data-id=\"4be57a98\" data-element_type=\"container\" data-e-type=\"container\">\n\t\t\t\t\t<div class=\"e-con-inner\">\n\t\t\t\t\t<\/div>\n\t\t\t\t<\/div>\n\t\t\t\t<section class=\"elementor-section elementor-top-section elementor-element elementor-element-00434fd elementor-section-content-top elementor-section-boxed elementor-section-height-default elementor-section-height-default\" data-id=\"00434fd\" data-element_type=\"section\" data-e-type=\"section\" data-settings=\"{&quot;background_background&quot;:&quot;gradient&quot;}\">\n\t\t\t\t\t\t\t<div class=\"elementor-background-overlay\"><\/div>\n\t\t\t\t\t\t\t<div class=\"elementor-container elementor-column-gap-default\">\n\t\t\t\t\t<div class=\"elementor-column elementor-col-100 elementor-top-column elementor-element elementor-element-51b3df5\" data-id=\"51b3df5\" data-element_type=\"column\" data-e-type=\"column\">\n\t\t\t<div class=\"elementor-widget-wrap elementor-element-populated\">\n\t\t\t\t\t\t<section class=\"elementor-section elementor-inner-section elementor-element elementor-element-7289904 elementor-section-content-top elementor-section-boxed elementor-section-height-default elementor-section-height-default\" data-id=\"7289904\" data-element_type=\"section\" data-e-type=\"section\">\n\t\t\t\t\t\t<div class=\"elementor-container elementor-column-gap-default\">\n\t\t\t\t\t<div class=\"elementor-column elementor-col-50 elementor-inner-column elementor-element elementor-element-0604c64\" data-id=\"0604c64\" data-element_type=\"column\" data-e-type=\"column\">\n\t\t\t<div class=\"elementor-widget-wrap elementor-element-populated\">\n\t\t\t\t\t\t<div class=\"elementor-element elementor-element-3bc9169 elementor-invisible elementor-widget elementor-widget-text-editor\" data-id=\"3bc9169\" data-element_type=\"widget\" data-e-type=\"widget\" data-settings=\"{&quot;_animation_delay&quot;:600,&quot;_animation&quot;:&quot;fadeInUp&quot;}\" data-widget_type=\"text-editor.default\">\n\t\t\t\t<div class=\"elementor-widget-container\">\n\t\t\t\t\t\t\t\t\t<h1><a href=\"https:\/\/www.bfmtal.de\/index.php\/cookie-richtlinie-eu\/\"><span style=\"color: #ccffff;\">Datenschutz und Cookies<\/span><\/a><\/h1>\t\t\t\t\t\t\t\t<\/div>\n\t\t\t\t<\/div>\n\t\t\t\t\t<\/div>\n\t\t<\/div>\n\t\t\t\t<div class=\"elementor-column elementor-col-50 elementor-inner-column elementor-element elementor-element-d49081d\" data-id=\"d49081d\" data-element_type=\"column\" data-e-type=\"column\">\n\t\t\t<div class=\"elementor-widget-wrap elementor-element-populated\">\n\t\t\t\t\t\t<div class=\"elementor-element elementor-element-b9f030a elementor-invisible elementor-widget elementor-widget-text-editor\" data-id=\"b9f030a\" data-element_type=\"widget\" data-e-type=\"widget\" data-settings=\"{&quot;_animation_delay&quot;:600,&quot;_animation&quot;:&quot;fadeInUp&quot;}\" data-widget_type=\"text-editor.default\">\n\t\t\t\t<div class=\"elementor-widget-container\">\n\t\t\t\t\t\t\t\t\t<h1><a href=\"https:\/\/www.bfmtal.de\/index.php\/impressum\"><span style=\"color: #ccffff;\">Impressum<\/span><\/a><\/h1>\t\t\t\t\t\t\t\t<\/div>\n\t\t\t\t<\/div>\n\t\t\t\t\t<\/div>\n\t\t<\/div>\n\t\t\t\t\t<\/div>\n\t\t<\/section>\n\t\t\t\t\t<\/div>\n\t\t<\/div>\n\t\t\t\t\t<\/div>\n\t\t<\/section>\n\t\t\t\t<\/div>\n\t\t","protected":false},"excerpt":{"rendered":"<p>Die Vereinsgr\u00fcndung Am 31. Januar 2024 fanden sich um 20.00 Uhr 16 politisch interessierte M\u00fcnstert\u00e4ler B\u00fcrger auf der K\u00e4lbelescheuer ein, um \u00fcber die Gr\u00fcndung des Vereins:&nbsp; &nbsp; &nbsp; &nbsp; &nbsp; &nbsp; &nbsp; &nbsp; &nbsp; &nbsp; &nbsp;B\u00fcrger f\u00fcr M\u00fcnstertal (BfM),&nbsp; W\u00e4hlervereinigung M\u00fcnstertal&nbsp; &nbsp; &nbsp; &nbsp; &nbsp; &nbsp; &nbsp; &nbsp; &nbsp; &nbsp; &nbsp; &nbsp; &nbsp; zu beschlie\u00dfen.&nbsp;&nbsp; [&hellip;]<\/p>\n","protected":false},"author":2,"featured_media":0,"parent":0,"menu_order":0,"comment_status":"closed","ping_status":"closed","template":"","meta":{"ocean_post_layout":"full-screen","ocean_both_sidebars_style":"","ocean_both_sidebars_content_width":0,"ocean_both_sidebars_sidebars_width":0,"ocean_sidebar":"","ocean_second_sidebar":"","ocean_disable_margins":"enable","ocean_add_body_class":"","ocean_shortcode_before_top_bar":"","ocean_shortcode_after_top_bar":"","ocean_shortcode_before_header":"","ocean_shortcode_after_header":"","ocean_has_shortcode":"","ocean_shortcode_after_title":"","ocean_shortcode_before_footer_widgets":"","ocean_shortcode_after_footer_widgets":"","ocean_shortcode_before_footer_bottom":"","ocean_shortcode_after_footer_bottom":"","ocean_display_top_bar":"off","ocean_display_header":"default","ocean_header_style":"","ocean_center_header_left_menu":"","ocean_custom_header_template":"","ocean_custom_logo":0,"ocean_custom_retina_logo":0,"ocean_custom_logo_max_width":0,"ocean_custom_logo_tablet_max_width":0,"ocean_custom_logo_mobile_max_width":0,"ocean_custom_logo_max_height":0,"ocean_custom_logo_tablet_max_height":0,"ocean_custom_logo_mobile_max_height":0,"ocean_header_custom_menu":"","ocean_menu_typo_font_family":"","ocean_menu_typo_font_subset":"","ocean_menu_typo_font_size":0,"ocean_menu_typo_font_size_tablet":0,"ocean_menu_typo_font_size_mobile":0,"ocean_menu_typo_font_size_unit":"px","ocean_menu_typo_font_weight":"","ocean_menu_typo_font_weight_tablet":"","ocean_menu_typo_font_weight_mobile":"","ocean_menu_typo_transform":"","ocean_menu_typo_transform_tablet":"","ocean_menu_typo_transform_mobile":"","ocean_menu_typo_line_height":0,"ocean_menu_typo_line_height_tablet":0,"ocean_menu_typo_line_height_mobile":0,"ocean_menu_typo_line_height_unit":"","ocean_menu_typo_spacing":0,"ocean_menu_typo_spacing_tablet":0,"ocean_menu_typo_spacing_mobile":0,"ocean_menu_typo_spacing_unit":"","ocean_menu_link_color":"","ocean_menu_link_color_hover":"","ocean_menu_link_color_active":"","ocean_menu_link_background":"","ocean_menu_link_hover_background":"","ocean_menu_link_active_background":"","ocean_menu_social_links_bg":"","ocean_menu_social_hover_links_bg":"","ocean_menu_social_links_color":"","ocean_menu_social_hover_links_color":"","ocean_disable_title":"on","ocean_disable_heading":"default","ocean_post_title":"","ocean_post_subheading":"","ocean_post_title_style":"","ocean_post_title_background_color":"","ocean_post_title_background":0,"ocean_post_title_bg_image_position":"","ocean_post_title_bg_image_attachment":"","ocean_post_title_bg_image_repeat":"","ocean_post_title_bg_image_size":"","ocean_post_title_height":0,"ocean_post_title_bg_overlay":0.5,"ocean_post_title_bg_overlay_color":"","ocean_disable_breadcrumbs":"default","ocean_breadcrumbs_color":"","ocean_breadcrumbs_separator_color":"","ocean_breadcrumbs_links_color":"","ocean_breadcrumbs_links_hover_color":"","ocean_display_footer_widgets":"off","ocean_display_footer_bottom":"off","ocean_custom_footer_template":"","footnotes":""},"class_list":["post-40","page","type-page","status-publish","hentry","entry"],"_links":{"self":[{"href":"https:\/\/www.bfmtal.de\/index.php\/wp-json\/wp\/v2\/pages\/40","targetHints":{"allow":["GET"]}}],"collection":[{"href":"https:\/\/www.bfmtal.de\/index.php\/wp-json\/wp\/v2\/pages"}],"about":[{"href":"https:\/\/www.bfmtal.de\/index.php\/wp-json\/wp\/v2\/types\/page"}],"author":[{"embeddable":true,"href":"https:\/\/www.bfmtal.de\/index.php\/wp-json\/wp\/v2\/users\/2"}],"replies":[{"embeddable":true,"href":"https:\/\/www.bfmtal.de\/index.php\/wp-json\/wp\/v2\/comments?post=40"}],"version-history":[{"count":65,"href":"https:\/\/www.bfmtal.de\/index.php\/wp-json\/wp\/v2\/pages\/40\/revisions"}],"predecessor-version":[{"id":2246,"href":"https:\/\/www.bfmtal.de\/index.php\/wp-json\/wp\/v2\/pages\/40\/revisions\/2246"}],"wp:attachment":[{"href":"https:\/\/www.bfmtal.de\/index.php\/wp-json\/wp\/v2\/media?parent=40"}],"curies":[{"name":"wp","href":"https:\/\/api.w.org\/{rel}","templated":true}]}}